{"id":6,"date":"2025-09-14T09:20:30","date_gmt":"2025-09-14T09:20:30","guid":{"rendered":"https:\/\/profithe.fi\/?page_id=6"},"modified":"2025-09-19T06:35:04","modified_gmt":"2025-09-19T06:35:04","slug":"ommellaanko-yhdessa","status":"publish","type":"page","link":"https:\/\/profithe.fi\/index.php\/ommellaanko-yhdessa\/","title":{"rendered":"Ommellaanko yhdess\u00e4?"},"content":{"rendered":"\n<div class=\"wp-block-cover alignfull is-light has-contrast-color has-text-color has-link-color wp-elements-c7e3adc348a8912cfa3bb5ea5074b5fa\" style=\"margin-top:0;margin-bottom:0;padding-top:var(--wp--preset--spacing--60);padding-right:var(--wp--preset--spacing--50);padding-bottom:var(--wp--preset--spacing--60);padding-left:var(--wp--preset--spacing--50)\"><span aria-hidden=\"true\" class=\"wp-block-cover__background has-base-background-color has-background-dim-100 has-background-dim\"><\/span><div class=\"wp-block-cover__inner-container has-global-padding is-layout-constrained wp-container-core-cover-is-layout-873ee6b1 wp-block-cover-is-layout-constrained\">\n<div class=\"wp-block-columns alignwide is-layout-flex wp-container-core-columns-is-layout-7ee84d44 wp-block-columns-is-layout-flex\">\n<div class=\"wp-block-column is-layout-flow wp-block-column-is-layout-flow\" style=\"flex-basis:65%\">\n<div class=\"wp-block-group is-vertical is-content-justification-stretch is-layout-flex wp-container-core-group-is-layout-353c4f5a wp-block-group-is-layout-flex\">\n<h2 class=\"wp-block-heading has-text-align-left\" style=\"font-size:clamp(8.042rem, 8.042rem + ((1vw - 0.2rem) * 21.895), 22rem);font-style:normal;font-weight:300;letter-spacing:-0.03em;line-height:1.4\">Hei,<\/h2>\n\n\n\n<p>Ja olipa mukava, ett\u00e4 l\u00f6ysit sivuilleni.<\/p>\n\n\n\n<p class=\"is-style-text-subtitle is-style-text-subtitle--1\">Olen Pirjo Heinonen, intohimoinen k\u00e4sity\u00f6ihminen. Haluan auttaa Sinua inspiroitumaan k\u00e4sit\u00f6ist\u00e4, ja n\u00e4m\u00e4 ensimm\u00e4iset ompelukurssit ovat tehdyt juuri Sinulle, joka mietit miten ompelukoneita uskaltaisi l\u00e4hesty\u00e4. Kurssilla saat harjoitella mielin m\u00e4\u00e4rin niin suoraa kuin siksakkia, vetoketjujen ja taskujen ompelua : )<\/p>\n\n\n\n<p class=\"is-style-text-subtitle is-style-text-subtitle--2\"> Ilmoittaudu s\u00e4hk\u00f6postilla, profithe@gmail.com, ja tule rohkeasti mukaan.<\/p>\n<\/div>\n\n\n\n<figure class=\"wp-block-image alignleft size-large\"><img loading=\"lazy\" decoding=\"async\" width=\"1024\" height=\"753\" src=\"https:\/\/profithe.fi\/wp-content\/uploads\/2025\/09\/ItseTein-ilmoitus-125x92-mm-1024x753.png\" alt=\"\" class=\"wp-image-9\" srcset=\"https:\/\/profithe.fi\/wp-content\/uploads\/2025\/09\/ItseTein-ilmoitus-125x92-mm-1024x753.png 1024w, https:\/\/profithe.fi\/wp-content\/uploads\/2025\/09\/ItseTein-ilmoitus-125x92-mm-300x221.png 300w, https:\/\/profithe.fi\/wp-content\/uploads\/2025\/09\/ItseTein-ilmoitus-125x92-mm-768x565.png 768w, https:\/\/profithe.fi\/wp-content\/uploads\/2025\/09\/ItseTein-ilmoitus-125x92-mm.png 1476w\" sizes=\"auto, (max-width: 1024px) 100vw, 1024px\" \/><\/figure>\n<\/div>\n\n\n\n<div class=\"wp-block-column is-layout-flow wp-block-column-is-layout-flow\" style=\"flex-basis:35%\">\n<div class=\"wp-block-group is-vertical is-content-justification-stretch is-nowrap is-layout-flex wp-container-core-group-is-layout-73b0033c wp-block-group-is-layout-flex\">\n<figure class=\"wp-block-gallery has-nested-images columns-default is-cropped wp-block-gallery-3 is-layout-flex wp-block-gallery-is-layout-flex\">\n<figure class=\"wp-block-image size-full\"><img loading=\"lazy\" decoding=\"async\" width=\"1350\" height=\"900\" data-id=\"8\" src=\"https:\/\/profithe.fi\/wp-content\/uploads\/2025\/09\/fb-kuva.jpg\" alt=\"\" class=\"wp-image-8\" style=\"aspect-ratio:3\/4;object-fit:cover\" srcset=\"https:\/\/profithe.fi\/wp-content\/uploads\/2025\/09\/fb-kuva.jpg 1350w, https:\/\/profithe.fi\/wp-content\/uploads\/2025\/09\/fb-kuva-300x200.jpg 300w, https:\/\/profithe.fi\/wp-content\/uploads\/2025\/09\/fb-kuva-1024x683.jpg 1024w, https:\/\/profithe.fi\/wp-content\/uploads\/2025\/09\/fb-kuva-768x512.jpg 768w\" sizes=\"auto, (max-width: 1350px) 100vw, 1350px\" \/><\/figure>\n<\/figure>\n<\/div>\n<\/div>\n<\/div>\n<\/div><\/div>\n\n\n\n<figure class=\"wp-block-gallery has-nested-images columns-default is-cropped wp-block-gallery-4 is-layout-flex wp-block-gallery-is-layout-flex\">\n<figure class=\"wp-block-image size-large is-resized\"><img loading=\"lazy\" decoding=\"async\" width=\"478\" height=\"1024\" data-id=\"20\" src=\"https:\/\/profithe.fi\/wp-content\/uploads\/2025\/09\/elna-ja-tuoli-478x1024.jpg\" alt=\"\" class=\"wp-image-20\" style=\"width:325px;height:auto\" srcset=\"https:\/\/profithe.fi\/wp-content\/uploads\/2025\/09\/elna-ja-tuoli-478x1024.jpg 478w, https:\/\/profithe.fi\/wp-content\/uploads\/2025\/09\/elna-ja-tuoli-140x300.jpg 140w, https:\/\/profithe.fi\/wp-content\/uploads\/2025\/09\/elna-ja-tuoli-768x1646.jpg 768w, https:\/\/profithe.fi\/wp-content\/uploads\/2025\/09\/elna-ja-tuoli-717x1536.jpg 717w, https:\/\/profithe.fi\/wp-content\/uploads\/2025\/09\/elna-ja-tuoli.jpg 896w\" sizes=\"auto, (max-width: 478px) 100vw, 478px\" \/><figcaption class=\"wp-element-caption\">Ty\u00f6huoneella on useita ompelukoneita joita voit k\u00e4ytt\u00e4\u00e4, mik\u00e4li sinulla ei ole konetta. Ilmoittautumisen yhteydess\u00e4 ilmoita toiveestasi k\u00e4ytt\u00e4\u00e4 ty\u00f6huoneen konetta.  K\u00e4yt\u00f6ss\u00e4 on laadukkaita Berninan ompelukoneita, Elnan saumuri ja Jukin saumuri.<\/figcaption><\/figure>\n\n\n\n<figure class=\"wp-block-image size-large is-resized\"><img loading=\"lazy\" decoding=\"async\" width=\"478\" height=\"1024\" data-id=\"21\" src=\"https:\/\/profithe.fi\/wp-content\/uploads\/2025\/09\/bernina-ja-tuoli-478x1024.jpg\" alt=\"\" class=\"wp-image-21\" style=\"width:301px;height:auto\" srcset=\"https:\/\/profithe.fi\/wp-content\/uploads\/2025\/09\/bernina-ja-tuoli-478x1024.jpg 478w, https:\/\/profithe.fi\/wp-content\/uploads\/2025\/09\/bernina-ja-tuoli-140x300.jpg 140w, https:\/\/profithe.fi\/wp-content\/uploads\/2025\/09\/bernina-ja-tuoli-768x1646.jpg 768w, https:\/\/profithe.fi\/wp-content\/uploads\/2025\/09\/bernina-ja-tuoli-717x1536.jpg 717w, https:\/\/profithe.fi\/wp-content\/uploads\/2025\/09\/bernina-ja-tuoli.jpg 896w\" sizes=\"auto, (max-width: 478px) 100vw, 478px\" \/><\/figure>\n<\/figure>\n\n\n\n<p><strong>Syksyn 2025 ompelukurssien sis\u00e4lt\u00f6 ja aikataulutus<\/strong><\/p>\n\n\n\n<div class=\"wp-block-group is-nowrap is-layout-flex wp-container-core-group-is-layout-6c531013 wp-block-group-is-layout-flex\">\n<p><strong>Mukaan mahtuu 8 henkil\u00f6\u00e4 ilmoittautumisj\u00e4rjestyksess\u00e4. Ilmoittautumisen j\u00e4lkeen saat vahvistuksen paikasta sek\u00e4 ohjeet maksamista varten.<\/strong><\/p>\n<\/div>\n\n\n\n<p><strong>Kurssit ovat joko perjantai-iltaisin (klo 17-20) tai lauantaisin (klo 10-13). Arki-iltaan sijoittuva 6 h ompelukurssi sijoittuu kahteen arki-iltaan (ompelutorstai ja -perjantai)<\/strong><\/p>\n\n\n\n<p><strong>Ota kurssille mukaan oma ompelukoneesi ja sen ohjekirja. Ty\u00f6huoneella on muutama ompelukone, joita on mahdollista my\u00f6s k\u00e4ytt\u00e4\u00e4. Mik\u00e4li haluat k\u00e4ytt\u00e4\u00e4 ty\u00f6huoneen konetta, mainitse siit\u00e4 ilmoittautumisen yhteydess\u00e4, niin varaan sen sinulle kurssia varten.<\/strong><\/p>\n\n\n\n<p><strong>Ty\u00f6huoneen valikoimista on mahdollista ostaa edullisesti harjoittelumateriaaleja hintaan 9 eur\/kurssi (erilaisia tilkkuja ja vetoketjuja harjoittelua varten), omiin vaatteisiin ja asusteihin tarvittavia kankaita voit hankkia itse, tai vaihtoehtoisesti ostaa ty\u00f6huoneen valikoimista, mik\u00e4li l\u00f6yd\u00e4t sielt\u00e4 sopivan kankaan.<\/strong><\/p>\n\n\n\n<p><strong>Voit my\u00f6s koota oman ryhm\u00e4n (max 8 hl\u00f6\u00e4)&nbsp; ja tulla viett\u00e4m\u00e4\u00e4n polttareita tai pit\u00e4\u00e4 mukavan yhteisen ompeluillan erikseen sovittuna ajankohtana.<\/strong><\/p>\n\n\n\n<!--nextpage-->\n\n\n\n<ul class=\"wp-block-list\">\n<li><\/li>\n<\/ul>\n\n\n\n<p><strong>Perjantai 24.10 tai  Lauantai 25.10, 3h<\/strong><\/p>\n\n\n\n<p><strong>Kesytet\u00e4\u00e4n ompelukone ja saumuri<\/strong><\/p>\n\n\n\n<p>Koneet tutuksi. Tikkej\u00e4 ja saumoja, suoraa ja siksakkia, tarvikkeita, koneen kotihuoltoa, harjoitellaan vaatteiden lyhennyst\u00e4, vetoketjun vaihtoa&nbsp; ym. &nbsp;Harjoittelutilkkuja ja vetoketjuja voit ostaa ty\u00f6huoneelta hintaan 9 eur\/ kurssi.<\/p>\n\n\n\n<p>Ota mukaan oma ompelukoneesi ohjekirjoineen. Kurssilla voit k\u00e4ytt\u00e4\u00e4 ty\u00f6huoneen muita ty\u00f6v\u00e4lineit\u00e4 ja lankoja.<\/p>\n\n\n\n<p>pe klo 17-20  tai la klo 10-13, 39 eur<\/p>\n\n\n\n<p><\/p>\n\n\n\n<p><strong>Perjantai 7.11 \/ lauantai 8.11<\/strong><\/p>\n\n\n\n<p><strong>Valmistaudutaan ompelemaan vaatteita<\/strong><\/p>\n\n\n\n<p>Piirret\u00e4\u00e4n kaavoja, mietit\u00e4\u00e4n kankaan valinta ja lasketaan menekki\u00e4. Kaavapaperi sis\u00e4ltyy kurssin hintaan. K\u00e4sity\u00f6lehti\u00e4 voi lainata kirjastoista, ty\u00f6huoneella on my\u00f6s lehti\u00e4. Kaavoja voidaan piirt\u00e4\u00e4 my\u00f6s hyviksi todetuista vanhoista vaatteista. Keskustellaan kankaista ja kangaskaupoista kankaiden hankintaa varten.<\/p>\n\n\n\n<p><a>3h, pe klo 17-20 tai la klo 10-13, 39 eur<\/a><\/p>\n\n\n\n<p><strong>Ompelutorstai ja -perjantai 20.11 <\/strong>(3h)<strong> ja 21.11 <\/strong>(3h)<strong>  tai  lauantai <\/strong>(6h)<strong> 22.11<\/strong><\/p>\n\n\n\n<p>Voit ommella paidan, t-paidan, collegeasun tai vaikka neulemekon oman valintasi mukaan. Kaavat piirretty jo aiemmin&nbsp; tai sinulla on valmiina muut omat kaavat.<\/p>\n\n\n\n<p>6h, to ja  pe klo 17-20 tai la klo  9-15, 69 eur<\/p>\n\n\n\n<p><\/p>\n\n\n\n<p><strong>Lauantai 13.12<\/strong><\/p>\n\n\n\n<p><strong>Pient\u00e4 ja kivaa joululahjaksi, ja halutessasi mallinukke omilla mitoilla<\/strong><\/p>\n\n\n\n<p>Pussukoita, hiusdonitseja tms pient\u00e4 joulupakettiin.<\/p>\n\n\n\n<p>Yksinkertainen mallinuken tekeminen. Kurssille tarvitset mukaan ihonmy\u00f6t\u00e4isen k\u00e4ytetyn t-paidan tai vastaavan (paitaa leikataan), maalarinteippi\u00e4, leveys 3 cm, tarve 3 rll. Mallinukke t\u00e4ytet\u00e4\u00e4n kotona, voit t\u00e4ytt\u00e4\u00e4 sen polyuretaanivaahdolla tai muulla t\u00e4ytteell\u00e4.<\/p>\n\n\n\n<p>3h, klo 10-13, 39 euroa<\/p>\n\n\n\n<p>Tule mukaan !<\/p>\n\n\n\n<p><\/p>\n","protected":false},"excerpt":{"rendered":"<p>Syksyn 2025 ompelukurssien sis\u00e4lt\u00f6 ja aikataulutus Mukaan mahtuu 8 henkil\u00f6\u00e4 ilmoittautumisj\u00e4rjestyksess\u00e4. Ilmoittautumisen j\u00e4lkeen saat vahvistuksen paikasta sek\u00e4 ohjeet maksamista varten. Kurssit ovat joko perjantai-iltaisin (klo 17-20) tai lauantaisin (klo 10-13). Arki-iltaan sijoittuva 6 h ompelukurssi sijoittuu kahteen arki-iltaan (ompelutorstai ja -perjantai) Ota kurssille mukaan oma ompelukoneesi ja sen ohjekirja. Ty\u00f6huoneella on muutama ompelukone, joita on [&hellip;]<\/p>\n","protected":false},"author":1,"featured_media":0,"parent":0,"menu_order":0,"comment_status":"closed","ping_status":"closed","template":"","meta":{"footnotes":""},"class_list":["post-6","page","type-page","status-publish","hentry"],"_links":{"self":[{"href":"https:\/\/profithe.fi\/index.php\/wp-json\/wp\/v2\/pages\/6","targetHints":{"allow":["GET"]}}],"collection":[{"href":"https:\/\/profithe.fi\/index.php\/wp-json\/wp\/v2\/pages"}],"about":[{"href":"https:\/\/profithe.fi\/index.php\/wp-json\/wp\/v2\/types\/page"}],"author":[{"embeddable":true,"href":"https:\/\/profithe.fi\/index.php\/wp-json\/wp\/v2\/users\/1"}],"replies":[{"embeddable":true,"href":"https:\/\/profithe.fi\/index.php\/wp-json\/wp\/v2\/comments?post=6"}],"version-history":[{"count":5,"href":"https:\/\/profithe.fi\/index.php\/wp-json\/wp\/v2\/pages\/6\/revisions"}],"predecessor-version":[{"id":24,"href":"https:\/\/profithe.fi\/index.php\/wp-json\/wp\/v2\/pages\/6\/revisions\/24"}],"wp:attachment":[{"href":"https:\/\/profithe.fi\/index.php\/wp-json\/wp\/v2\/media?parent=6"}],"curies":[{"name":"wp","href":"https:\/\/api.w.org\/{rel}","templated":true}]}}